{"id":4713,"date":"2026-04-09T11:21:13","date_gmt":"2026-04-09T09:21:13","guid":{"rendered":"https:\/\/schwarze-robitec.com\/?page_id=4713"},"modified":"2026-04-09T14:04:58","modified_gmt":"2026-04-09T12:04:58","slug":"cnc-80-e-tb-mr","status":"publish","type":"page","link":"https:\/\/schwarze-robitec.com\/en\/cnc-80-e-tb-mr\/","title":{"rendered":"CNC 80 E TB MR"},"content":{"rendered":"<div class=\"wpb-content-wrapper\"><p>[vc_row css=&#8221;.vc_custom_1769593557775{padding-bottom: 35px !important;background-color: #ffffff !important;}&#8221;][vc_column][vc_column_text css=&#8221;.vc_custom_1775726568492{margin-bottom: 0px !important;}&#8221;]<\/p>\n<h2><strong>The CNC 80 E TB MR \u2013 now available from stock<\/strong><\/h2>\n<div>\n<div>The CNC 80 E TB MR sets new standards for high-performance tube bending in series production. As part of the High-Performance series, this machine is engineered for maximum productivity, process stability and reproducible quality.<\/div>\n<div><\/div>\n<div>Designed to bend tubes with outer diameters of up to 80 mm, the CNC 80 E TB MR is particularly well suited for demanding applications in the automotive industry. Its robust mechanical design combined with advanced CNC-controlled drive technology enables short cycle times and reliable continuous operation in high-volume<\/div>\n<\/div>\n<p>[\/vc_column_text][vc_column_text css=&#8221;.vc_custom_1775726558290{margin-bottom: 0px !important;}&#8221;]<\/p>\n<div>\n<p>Visit us in Cologne for a <strong>live demo including test bends<\/strong> and a full technical walkthrough.<\/p>\n<\/div>\n<p>[\/vc_column_text][vc_row_inner css=&#8221;.vc_custom_1769593830083{padding-top: 35px !important;}&#8221;][vc_column_inner width=&#8221;1\/6&#8243;][\/vc_column_inner][vc_column_inner width=&#8221;2\/3&#8243;][vc_column_text css=&#8221;&#8221;]<a class=\"button w-full block\" href=\"https:\/\/schwarze-robitec.com\/en\/contact\/\" target=\"_blank\" rel=\"noopener\">Request a machine demonstration<\/a>[\/vc_column_text][\/vc_column_inner][vc_column_inner width=&#8221;1\/6&#8243;][\/vc_column_inner][\/vc_row_inner][\/vc_column][\/vc_row][vc_row full_width=&#8221;stretch_row&#8221; equal_height=&#8221;yes&#8221; el_class=&#8221;content-shift-left&#8221;][vc_column width=&#8221;1\/2&#8243; css=&#8221;.vc_custom_1769593862222{padding-bottom: 35px !important;background-color: #dbdbdb !important;}&#8221; el_class=&#8221;button-bottom&#8221;][vc_column_text css=&#8221;&#8221;]<\/p>\n<h2><strong>Advanced control technology<\/strong><\/h2>\n<div>\n<p>Equipped with our newest <strong>NxG machine control<\/strong>, the system offers:<\/p>\n<ul>\n<li>Automatic radius adjustment directly controlled via the CNC<\/li>\n<li>Simultaneous movement of all axes for faster cycle times<\/li>\n<li>Extensive configuration and monitoring options<\/li>\n<li>Intuitive operation for highly efficient setup<\/li>\n<\/ul>\n<p>This ensures reliable repeatability, shorter production times, and consistent bending quality\u2014even in demanding environments.<\/p>\n<\/div>\n<p>[\/vc_column_text][\/vc_column][vc_column width=&#8221;1\/2&#8243; css=&#8221;.vc_custom_1666353233421{background-color: #f0f0f0 !important;}&#8221; el_class=&#8221;button-bottom&#8221;][vc_column_text css=&#8221;&#8221;]<\/p>\n<h2>Built for efficient and stable series processes<\/h2>\n<div>The CNC 80 E TB MR is optimized for high output with consistently precise results. CNC-controlled drives ensure fast, synchronized motion sequences and excellent repeat accuracy, even at high takt rates. This allows manufacturers to achieve economical series production of both simple and complex tube geometries. The combination of cold bending technology, high dimensional accuracy and minimal scrap rates makes the machine an ideal solution for applications where performance, reliability and process security are critical.<\/div>\n<p>[\/vc_column_text][\/vc_column][\/vc_row][vc_row el_class=&#8221;content-shift-left content-shift-left bg-gradient-feature text-white&#8221; css=&#8221;.vc_custom_1775726450593{padding-top: 30px !important;}&#8221;][vc_column css=&#8221;.vc_custom_1769601679381{padding-top: 35px !important;}&#8221;][vc_column_text css=&#8221;&#8221;]<\/p>\n<h2><span style=\"color: #ffffff;\">Technical Data<\/span><\/h2>\n<table style=\"width: 100%; border-collapse: collapse;\">\n<tbody>\n<tr>\n<td style=\"padding: 8px; border-bottom: 1px solid #ccc; border-right: 1px solid #ccc;\"><strong>Max. bending capacity of the machine<\/strong><\/td>\n<td style=\"padding: 8px; border-bottom: 1px solid #ccc;\">Tube-Diameter x Wall thickness<\/td>\n<\/tr>\n<tr>\n<td style=\"padding: 8px; border-bottom: 1px solid #ccc; border-right: 1px solid #ccc;\"><strong>Standard steel 65,000 PSI (450 N\/mm\u00b2)<\/strong><\/td>\n<td style=\"padding: 8px; border-bottom: 1px solid #ccc;\">80 x 2,5 mm<\/td>\n<\/tr>\n<tr>\n<td style=\"padding: 8px; border-bottom: 1px solid #ccc; border-right: 1px solid #ccc;\"><strong>Stainless steel 110,000 PSI (750 N\/mm\u00b2)<\/strong><\/td>\n<td style=\"padding: 8px; border-bottom: 1px solid #ccc;\">70 x 2 mm<\/td>\n<\/tr>\n<tr>\n<td style=\"padding: 8px; border-bottom: 1px solid #ccc; border-right: 1px solid #ccc;\"><strong>Min. Tube-ID-\u00f8<\/strong><\/td>\n<td style=\"padding: 8px; border-bottom: 1px solid #ccc;\">25 mm<\/td>\n<\/tr>\n<tr>\n<td style=\"padding: 8px; border-bottom: 1px solid #ccc; border-right: 1px solid #ccc;\"><strong>Min. Bending radius (single stack)<\/strong><\/td>\n<td style=\"padding: 8px; border-bottom: 1px solid #ccc;\">30 mm<\/td>\n<\/tr>\n<tr>\n<td style=\"padding: 8px; border-bottom: 1px solid #ccc; border-right: 1px solid #ccc;\"><strong>Max. Bending radius (multi stack)<\/strong><\/td>\n<td style=\"padding: 8px; border-bottom: 1px solid #ccc;\">240 + 50 mm<\/td>\n<\/tr>\n<tr>\n<td style=\"padding: 8px; border-right: 1px solid #ccc;\"><strong>Max. Tube transport stroke<\/strong><\/td>\n<td style=\"padding: 8px;\">3000 mm<\/td>\n<\/tr>\n<\/tbody>\n<\/table>\n<p>[\/vc_column_text][vc_row_inner css=&#8221;.vc_custom_1769593830083{padding-top: 35px !important;}&#8221;][vc_column_inner width=&#8221;1\/6&#8243;][\/vc_column_inner][vc_column_inner width=&#8221;2\/3&#8243;][vc_column_text css=&#8221;&#8221;]<a class=\"button w-full block\" href=\"https:\/\/schwarze-robitec.com\/en\/contact\/\" target=\"_blank\" rel=\"noopener\">Contact us<\/a>[\/vc_column_text][\/vc_column_inner][vc_column_inner width=&#8221;1\/6&#8243;][\/vc_column_inner][\/vc_row_inner][\/vc_column][vc_column][\/vc_column][\/vc_row][vc_row el_class=&#8221;content-shift-left&#8221; css=&#8221;.vc_custom_1652050325595{background-color: #dbdbdb !important;}&#8221;][vc_column][vc_column_text]<\/p>\n<h3><strong>HIGH PERFORMANCE &#8211; Rohrbiegemaschinen f\u00fcr die Gro\u00df- und Serienproduktion<\/strong><\/h3>\n<p>Die vollautomatischen Biegezellen unserer HIGH PERFORMANCE Serie sind die perfekte Antwort auf die extremen Anforderungen in der Gro\u00df- und Serienproduktion. Schnell, leistungsstark und angepasst an Ihre individuellen Anforderungen erm\u00f6glichen unsere modularen Rohrbiegel\u00f6sungen maximale Taktzahlen ohne jeglichen Kompromiss an h\u00f6chste Fertigungsqualit\u00e4t. Je nach Anforderung bieten wir Ihnen unterschiedliche Ans\u00e4tze: neben unseren vollautomatischen Biegezellen bieten wir auch eine gro\u00dfe Bandbreite an ein- und mehrrilligen Maschinen sowie Maschinen mit zwei Biegek\u00f6pfen f\u00fcr besonders komplexe Rohrgeometrien.<\/p>\n<p>Nehmen Sie mit uns <a href=\"\/kontakt\/\">Kontakt<\/a> auf, gerne beraten wir Sie zu passenden Antworten auf Ihre Anforderungen![\/vc_column_text][\/vc_column][\/vc_row][vc_row css=&#8221;.vc_custom_1652050424589{background-color: #dbdbdb !important;}&#8221;][vc_column css=&#8221;.vc_custom_1658484522327{padding-top: 0px !important;padding-left: 4rem !important;}&#8221;]\t\t<div>\n\n\t\t\t<h3 class=\"h3\">\n\n\t\t\t\t\n\t\t\t<\/h3>\n\n\t\t\t<div class=\"grid gap-6 mb-30 grid-cols-2 lg:grid-cols-4\">\n\n\t\t\t\t\n\t\t<div class=\"grid-link-item transition-all relative bg-gradient-grid-link rounded-sm text-white overflow-hidden overflow-clip  aspect-square \">\n\n\t\t\t<span id=\"sr-69f3c8ddc7aca\"  class=\"screen-reader-text\">\n\t\t\t\tEinrillige Rohrbiegemaschinen\t\t\t<\/span>\n\n\t\t\t<a href=\"\/produkte\/high-performance\/einrillige-rohrbiegemaschinen\/\"\n\t\t\t   title=\"Einrillige Rohrbiegemaschinen\"\n\t\t\t   rel=\"\"\n\t\t\t   target=\"\"\n\t\t\t   aria-describedby=\"sr-69f3c8ddc7aca\"\n\t\t\t   class=\"block h-full text-white hover:no-underline\">\n\n\t\t\t\t<figure class=\"relative flex flex-col flex-nowrap h-full justify-end after:content after:bg-[#002746] after:absolute after:w-full after:h-full after:translate-y-full after:transform-gpu after:transition-transform\">\n\n\t\t\t\t\t<div id=\"img-wrapper\" class=\"-top-[25px] absolute inset-0 z-10 h-full transform-gpu transition-transform\">\n\n\t\t\t\t\t\t<img loading=\"lazy\" decoding=\"async\" width=\"700\" height=\"412\" src=\"https:\/\/schwarze-robitec.com\/wp-content\/uploads\/2022\/07\/header_maschinen_high-performance_cnc-60-e-tb_01-1.png\" class=\"block w-full h-full object-cover absolute inset-0\" alt=\"high-performance_cnc-60-e-tb\" srcset=\"https:\/\/schwarze-robitec.com\/wp-content\/uploads\/2022\/07\/header_maschinen_high-performance_cnc-60-e-tb_01-1.png 700w, https:\/\/schwarze-robitec.com\/wp-content\/uploads\/2022\/07\/header_maschinen_high-performance_cnc-60-e-tb_01-1-300x177.png 300w\" sizes=\"(max-width: 700px) 100vw, 700px\" \/>\n\t\t\t\t\t<\/div>\n\n\t\t\t\t\t<figcaption class=\"translate-y-full z-10 relative\">\n\n\t\t\t\t\t\t<div class=\"headline -translate-y-full p-4 flex flex-row flex-nowrap justify-between \">\n\t\t\t\t\t\t\tEinrillige Rohrbiegemaschinen\n\t\t\t\t\t\t\t\t\t\t\t\t\t<\/div>\n\n\n\t\t\t\t\t\t\t<div class=\"subline p-4 pt-0 md:min-h-[41px] lg:min-h-[44px]\">\n\t\t\t\t\t\t\t\t\t\t\t\t\t\t\t<\/div>\n\n\n\t\t\t\t\t<\/figcaption>\n\n\t\t\t\t<\/figure>\n\t\t\t<\/a>\n\n\t\t<\/div>\n\n\t\t\n\t\t<div class=\"grid-link-item transition-all relative bg-gradient-grid-link rounded-sm text-white overflow-hidden overflow-clip  aspect-square \">\n\n\t\t\t<span id=\"sr-69f3c8ddc8ba3\"  class=\"screen-reader-text\">\n\t\t\t\tMehrrillige Rohrbiegemaschinen\t\t\t<\/span>\n\n\t\t\t<a href=\"\/produkte\/high-performance\/mehrrillige-cnc-rohrbiegemaschinen\/\"\n\t\t\t   title=\"Mehrrillige Rohrbiegemaschinen\"\n\t\t\t   rel=\"\"\n\t\t\t   target=\"\"\n\t\t\t   aria-describedby=\"sr-69f3c8ddc8ba3\"\n\t\t\t   class=\"block h-full text-white hover:no-underline\">\n\n\t\t\t\t<figure class=\"relative flex flex-col flex-nowrap h-full justify-end after:content after:bg-[#002746] after:absolute after:w-full after:h-full after:translate-y-full after:transform-gpu after:transition-transform\">\n\n\t\t\t\t\t<div id=\"img-wrapper\" class=\"-top-[25px] absolute inset-0 z-10 h-full transform-gpu transition-transform\">\n\n\t\t\t\t\t\t<img loading=\"lazy\" decoding=\"async\" width=\"700\" height=\"471\" src=\"https:\/\/schwarze-robitec.com\/wp-content\/uploads\/2022\/07\/header_maschinen_high-performance_cnc-80-e-tb-mr_01.png\" class=\"block w-full h-full object-cover absolute inset-0\" alt=\"high-performance_cnc-80-e-tb-mr\" srcset=\"https:\/\/schwarze-robitec.com\/wp-content\/uploads\/2022\/07\/header_maschinen_high-performance_cnc-80-e-tb-mr_01.png 700w, https:\/\/schwarze-robitec.com\/wp-content\/uploads\/2022\/07\/header_maschinen_high-performance_cnc-80-e-tb-mr_01-300x202.png 300w\" sizes=\"(max-width: 700px) 100vw, 700px\" \/>\n\t\t\t\t\t<\/div>\n\n\t\t\t\t\t<figcaption class=\"translate-y-full z-10 relative\">\n\n\t\t\t\t\t\t<div class=\"headline -translate-y-full p-4 flex flex-row flex-nowrap justify-between \">\n\t\t\t\t\t\t\tMehrrillige Rohrbiegemaschinen\n\t\t\t\t\t\t\t\t\t\t\t\t\t<\/div>\n\n\n\t\t\t\t\t\t\t<div class=\"subline p-4 pt-0 md:min-h-[41px] lg:min-h-[44px]\">\n\t\t\t\t\t\t\t\t\t\t\t\t\t\t\t<\/div>\n\n\n\t\t\t\t\t<\/figcaption>\n\n\t\t\t\t<\/figure>\n\t\t\t<\/a>\n\n\t\t<\/div>\n\n\t\t\n\t\t<div class=\"grid-link-item transition-all relative bg-gradient-grid-link rounded-sm text-white overflow-hidden overflow-clip  aspect-square \">\n\n\t\t\t<span id=\"sr-69f3c8ddc956a\"  class=\"screen-reader-text\">\n\t\t\t\tRohrbiegemaschinen mit zwei Biegek\u00f6pfen\t\t\t<\/span>\n\n\t\t\t<a href=\"\/produkte\/high-performance\/Rohrbiegemaschinen-mit-zwei-Biegekoepfen\/\"\n\t\t\t   title=\"Rohrbiegemaschinen mit zwei Biegek\u00f6pfen\"\n\t\t\t   rel=\"\"\n\t\t\t   target=\"\"\n\t\t\t   aria-describedby=\"sr-69f3c8ddc956a\"\n\t\t\t   class=\"block h-full text-white hover:no-underline\">\n\n\t\t\t\t<figure class=\"relative flex flex-col flex-nowrap h-full justify-end after:content after:bg-[#002746] after:absolute after:w-full after:h-full after:translate-y-full after:transform-gpu after:transition-transform\">\n\n\t\t\t\t\t<div id=\"img-wrapper\" class=\"-top-[25px] absolute inset-0 z-10 h-full transform-gpu transition-transform\">\n\n\t\t\t\t\t\t<img loading=\"lazy\" decoding=\"async\" width=\"710\" height=\"365\" src=\"https:\/\/schwarze-robitec.com\/wp-content\/uploads\/2022\/07\/header_maschinen_high-performance_cnc-40-rotary-neu.png\" class=\"block w-full h-full object-cover absolute inset-0\" alt=\"high-performance_cnc-40-rotary\" srcset=\"https:\/\/schwarze-robitec.com\/wp-content\/uploads\/2022\/07\/header_maschinen_high-performance_cnc-40-rotary-neu.png 710w, https:\/\/schwarze-robitec.com\/wp-content\/uploads\/2022\/07\/header_maschinen_high-performance_cnc-40-rotary-neu-300x154.png 300w\" sizes=\"(max-width: 710px) 100vw, 710px\" \/>\n\t\t\t\t\t<\/div>\n\n\t\t\t\t\t<figcaption class=\"translate-y-full z-10 relative\">\n\n\t\t\t\t\t\t<div class=\"headline -translate-y-full p-4 flex flex-row flex-nowrap justify-between \">\n\t\t\t\t\t\t\tRohrbiegemaschinen mit zwei Biegek\u00f6pfen\n\t\t\t\t\t\t\t\t\t\t\t\t\t<\/div>\n\n\n\t\t\t\t\t\t\t<div class=\"subline p-4 pt-0 md:min-h-[41px] lg:min-h-[44px]\">\n\t\t\t\t\t\t\t\t\t\t\t\t\t\t\t<\/div>\n\n\n\t\t\t\t\t<\/figcaption>\n\n\t\t\t\t<\/figure>\n\t\t\t<\/a>\n\n\t\t<\/div>\n\n\t\t\n\t\t<div class=\"grid-link-item transition-all relative bg-gradient-grid-link rounded-sm text-white overflow-hidden overflow-clip  aspect-square \">\n\n\t\t\t<span id=\"sr-69f3c8ddca1d8\"  class=\"screen-reader-text\">\n\t\t\t\tOrbital Biegemaschinen\t\t\t<\/span>\n\n\t\t\t<a href=\"\/produkte\/high-performance\/orbital-biegemaschinen\/\"\n\t\t\t   title=\"Orbital Biegemaschinen\"\n\t\t\t   rel=\"\"\n\t\t\t   target=\"\"\n\t\t\t   aria-describedby=\"sr-69f3c8ddca1d8\"\n\t\t\t   class=\"block h-full text-white hover:no-underline\">\n\n\t\t\t\t<figure class=\"relative flex flex-col flex-nowrap h-full justify-end after:content after:bg-[#002746] after:absolute after:w-full after:h-full after:translate-y-full after:transform-gpu after:transition-transform\">\n\n\t\t\t\t\t<div id=\"img-wrapper\" class=\"-top-[25px] absolute inset-0 z-10 h-full transform-gpu transition-transform\">\n\n\t\t\t\t\t\t<img loading=\"lazy\" decoding=\"async\" width=\"700\" height=\"566\" src=\"https:\/\/schwarze-robitec.com\/wp-content\/uploads\/2024\/06\/CNC-25-E-Orbital-1.png\" class=\"block w-full h-full object-cover absolute inset-0\" alt=\"CNC 25 E Orbital\" srcset=\"https:\/\/schwarze-robitec.com\/wp-content\/uploads\/2024\/06\/CNC-25-E-Orbital-1.png 700w, https:\/\/schwarze-robitec.com\/wp-content\/uploads\/2024\/06\/CNC-25-E-Orbital-1-300x243.png 300w\" sizes=\"(max-width: 700px) 100vw, 700px\" \/>\n\t\t\t\t\t<\/div>\n\n\t\t\t\t\t<figcaption class=\"translate-y-full z-10 relative\">\n\n\t\t\t\t\t\t<div class=\"headline -translate-y-full p-4 flex flex-row flex-nowrap justify-between \">\n\t\t\t\t\t\t\tOrbital Biegemaschinen\n\t\t\t\t\t\t\t\t\t\t\t\t\t<\/div>\n\n\n\t\t\t\t\t\t\t<div class=\"subline p-4 pt-0 md:min-h-[41px] lg:min-h-[44px]\">\n\t\t\t\t\t\t\t\t\t\t\t\t\t\t\t<\/div>\n\n\n\t\t\t\t\t<\/figcaption>\n\n\t\t\t\t<\/figure>\n\t\t\t<\/a>\n\n\t\t<\/div>\n\n\t\t\t\t\t<\/div>\n\n\t\t<\/div>\n\n\t\t[\/vc_column][\/vc_row]<\/p>\n<\/div>","protected":false},"excerpt":{"rendered":"<p>[vc_row css=&#8221;.vc_custom_1769593557775{padding-bottom: 35px !important;background-color: #ffffff !important;}&#8221;][vc_column][vc_column_text css=&#8221;.vc_custom_1775726568492{margin-bottom: 0px !important;}&#8221;] The CNC 80 E TB MR \u2013 now available from stock The CNC 80 E TB MR sets new standards for high-performance tube bending in series production. As part of the High-Performance series, this machine is engineered for maximum productivity, process stability and reproducible quality. Designed [&hellip;]<\/p>\n","protected":false},"author":5,"featured_media":4756,"parent":0,"menu_order":9,"comment_status":"closed","ping_status":"closed","template":"","meta":{"_acf_changed":false,"footnotes":""},"class_list":["post-4713","page","type-page","status-publish","has-post-thumbnail","hentry"],"acf":[],"yoast_head":"<!-- This site is optimized with the Yoast SEO plugin v23.1 - https:\/\/yoast.com\/wordpress\/plugins\/seo\/ -->\n<title>In Stock: CNC 80 E TB MR &#8211; Schwarze-Robitec GmbH &amp; Co. KG<\/title>\n<meta name=\"description\" content=\"The CNC 220 HD special is ready for delivery. Designed for heavy-duty use in shipbuilding, plant engineering.\" \/>\n<meta name=\"robots\" content=\"index, follow, max-snippet:-1, max-image-preview:large, max-video-preview:-1\" \/>\n<link rel=\"canonical\" href=\"https:\/\/schwarze-robitec.com\/en\/cnc-80-e-tb-mr\/\" \/>\n<meta property=\"og:locale\" content=\"en_US\" \/>\n<meta property=\"og:type\" content=\"article\" \/>\n<meta property=\"og:title\" content=\"In Stock: CNC 80 E TB MR &#8211; Schwarze-Robitec GmbH &amp; Co. KG\" \/>\n<meta property=\"og:description\" content=\"The CNC 220 HD special is ready for delivery. Designed for heavy-duty use in shipbuilding, plant engineering.\" \/>\n<meta property=\"og:url\" content=\"https:\/\/schwarze-robitec.com\/en\/cnc-80-e-tb-mr\/\" \/>\n<meta property=\"og:site_name\" content=\"Schwarze-Robitec GmbH &amp; Co. KG\" \/>\n<meta property=\"article:publisher\" content=\"https:\/\/www.facebook.com\/SchwarzeRobitec\/\" \/>\n<meta property=\"article:modified_time\" content=\"2026-04-09T12:04:58+00:00\" \/>\n<meta property=\"og:image\" content=\"https:\/\/schwarze-robitec.com\/wp-content\/uploads\/2026\/04\/CNC-80-E-TB-MR-freigestellt.png\" \/>\n\t<meta property=\"og:image:width\" content=\"300\" \/>\n\t<meta property=\"og:image:height\" content=\"300\" \/>\n\t<meta property=\"og:image:type\" content=\"image\/png\" \/>\n<meta name=\"twitter:card\" content=\"summary_large_image\" \/>\n<meta name=\"twitter:label1\" content=\"Est. reading time\" \/>\n\t<meta name=\"twitter:data1\" content=\"4 minutes\" \/>\n<script type=\"application\/ld+json\" class=\"yoast-schema-graph\">{\"@context\":\"https:\/\/schema.org\",\"@graph\":[{\"@type\":\"WebPage\",\"@id\":\"https:\/\/schwarze-robitec.com\/en\/cnc-80-e-tb-mr\/\",\"url\":\"https:\/\/schwarze-robitec.com\/en\/cnc-80-e-tb-mr\/\",\"name\":\"In Stock: CNC 80 E TB MR &#8211; Schwarze-Robitec GmbH &amp; Co. KG\",\"isPartOf\":{\"@id\":\"https:\/\/schwarze-robitec.com\/en\/#website\"},\"primaryImageOfPage\":{\"@id\":\"https:\/\/schwarze-robitec.com\/en\/cnc-80-e-tb-mr\/#primaryimage\"},\"image\":{\"@id\":\"https:\/\/schwarze-robitec.com\/en\/cnc-80-e-tb-mr\/#primaryimage\"},\"thumbnailUrl\":\"https:\/\/schwarze-robitec.com\/wp-content\/uploads\/2026\/04\/CNC-80-E-TB-MR-freigestellt.png\",\"datePublished\":\"2026-04-09T09:21:13+00:00\",\"dateModified\":\"2026-04-09T12:04:58+00:00\",\"description\":\"The CNC 220 HD special is ready for delivery. Designed for heavy-duty use in shipbuilding, plant engineering.\",\"breadcrumb\":{\"@id\":\"https:\/\/schwarze-robitec.com\/en\/cnc-80-e-tb-mr\/#breadcrumb\"},\"inLanguage\":\"en-US\",\"potentialAction\":[{\"@type\":\"ReadAction\",\"target\":[\"https:\/\/schwarze-robitec.com\/en\/cnc-80-e-tb-mr\/\"]}]},{\"@type\":\"ImageObject\",\"inLanguage\":\"en-US\",\"@id\":\"https:\/\/schwarze-robitec.com\/en\/cnc-80-e-tb-mr\/#primaryimage\",\"url\":\"https:\/\/schwarze-robitec.com\/wp-content\/uploads\/2026\/04\/CNC-80-E-TB-MR-freigestellt.png\",\"contentUrl\":\"https:\/\/schwarze-robitec.com\/wp-content\/uploads\/2026\/04\/CNC-80-E-TB-MR-freigestellt.png\",\"width\":300,\"height\":300,\"caption\":\"High Performance\"},{\"@type\":\"BreadcrumbList\",\"@id\":\"https:\/\/schwarze-robitec.com\/en\/cnc-80-e-tb-mr\/#breadcrumb\",\"itemListElement\":[{\"@type\":\"ListItem\",\"position\":1,\"name\":\"Home\",\"item\":\"https:\/\/schwarze-robitec.com\/en\/\"},{\"@type\":\"ListItem\",\"position\":2,\"name\":\"CNC 80 E TB MR\"}]},{\"@type\":\"WebSite\",\"@id\":\"https:\/\/schwarze-robitec.com\/en\/#website\",\"url\":\"https:\/\/schwarze-robitec.com\/en\/\",\"name\":\"Schwarze-Robitec GmbH\",\"description\":\"The art of engineering\",\"publisher\":{\"@id\":\"https:\/\/schwarze-robitec.com\/en\/#organization\"},\"potentialAction\":[{\"@type\":\"SearchAction\",\"target\":{\"@type\":\"EntryPoint\",\"urlTemplate\":\"https:\/\/schwarze-robitec.com\/en\/?s={search_term_string}\"},\"query-input\":\"required name=search_term_string\"}],\"inLanguage\":\"en-US\"},{\"@type\":\"Organization\",\"@id\":\"https:\/\/schwarze-robitec.com\/en\/#organization\",\"name\":\"Schwarze Robitech GmbH\",\"url\":\"https:\/\/schwarze-robitec.com\/en\/\",\"logo\":{\"@type\":\"ImageObject\",\"inLanguage\":\"en-US\",\"@id\":\"https:\/\/schwarze-robitec.com\/en\/#\/schema\/logo\/image\/\",\"url\":\"https:\/\/schwarze-robitec.com\/wp-content\/uploads\/2022\/05\/sr-logo.png\",\"contentUrl\":\"https:\/\/schwarze-robitec.com\/wp-content\/uploads\/2022\/05\/sr-logo.png\",\"width\":180,\"height\":180,\"caption\":\"Schwarze Robitech GmbH\"},\"image\":{\"@id\":\"https:\/\/schwarze-robitec.com\/en\/#\/schema\/logo\/image\/\"},\"sameAs\":[\"https:\/\/www.facebook.com\/SchwarzeRobitec\/\",\"https:\/\/www.linkedin.com\/company\/schwarze-robitec-gmbh\/\"]}]}<\/script>\n<!-- \/ Yoast SEO plugin. -->","yoast_head_json":{"title":"In Stock: CNC 80 E TB MR &#8211; Schwarze-Robitec GmbH &amp; Co. KG","description":"The CNC 220 HD special is ready for delivery. Designed for heavy-duty use in shipbuilding, plant engineering.","robots":{"index":"index","follow":"follow","max-snippet":"max-snippet:-1","max-image-preview":"max-image-preview:large","max-video-preview":"max-video-preview:-1"},"canonical":"https:\/\/schwarze-robitec.com\/en\/cnc-80-e-tb-mr\/","og_locale":"en_US","og_type":"article","og_title":"In Stock: CNC 80 E TB MR &#8211; Schwarze-Robitec GmbH &amp; Co. KG","og_description":"The CNC 220 HD special is ready for delivery. Designed for heavy-duty use in shipbuilding, plant engineering.","og_url":"https:\/\/schwarze-robitec.com\/en\/cnc-80-e-tb-mr\/","og_site_name":"Schwarze-Robitec GmbH &amp; Co. KG","article_publisher":"https:\/\/www.facebook.com\/SchwarzeRobitec\/","article_modified_time":"2026-04-09T12:04:58+00:00","og_image":[{"width":300,"height":300,"url":"https:\/\/schwarze-robitec.com\/wp-content\/uploads\/2026\/04\/CNC-80-E-TB-MR-freigestellt.png","type":"image\/png"}],"twitter_card":"summary_large_image","twitter_misc":{"Est. reading time":"4 minutes"},"schema":{"@context":"https:\/\/schema.org","@graph":[{"@type":"WebPage","@id":"https:\/\/schwarze-robitec.com\/en\/cnc-80-e-tb-mr\/","url":"https:\/\/schwarze-robitec.com\/en\/cnc-80-e-tb-mr\/","name":"In Stock: CNC 80 E TB MR &#8211; Schwarze-Robitec GmbH &amp; Co. KG","isPartOf":{"@id":"https:\/\/schwarze-robitec.com\/en\/#website"},"primaryImageOfPage":{"@id":"https:\/\/schwarze-robitec.com\/en\/cnc-80-e-tb-mr\/#primaryimage"},"image":{"@id":"https:\/\/schwarze-robitec.com\/en\/cnc-80-e-tb-mr\/#primaryimage"},"thumbnailUrl":"https:\/\/schwarze-robitec.com\/wp-content\/uploads\/2026\/04\/CNC-80-E-TB-MR-freigestellt.png","datePublished":"2026-04-09T09:21:13+00:00","dateModified":"2026-04-09T12:04:58+00:00","description":"The CNC 220 HD special is ready for delivery. Designed for heavy-duty use in shipbuilding, plant engineering.","breadcrumb":{"@id":"https:\/\/schwarze-robitec.com\/en\/cnc-80-e-tb-mr\/#breadcrumb"},"inLanguage":"en-US","potentialAction":[{"@type":"ReadAction","target":["https:\/\/schwarze-robitec.com\/en\/cnc-80-e-tb-mr\/"]}]},{"@type":"ImageObject","inLanguage":"en-US","@id":"https:\/\/schwarze-robitec.com\/en\/cnc-80-e-tb-mr\/#primaryimage","url":"https:\/\/schwarze-robitec.com\/wp-content\/uploads\/2026\/04\/CNC-80-E-TB-MR-freigestellt.png","contentUrl":"https:\/\/schwarze-robitec.com\/wp-content\/uploads\/2026\/04\/CNC-80-E-TB-MR-freigestellt.png","width":300,"height":300,"caption":"High Performance"},{"@type":"BreadcrumbList","@id":"https:\/\/schwarze-robitec.com\/en\/cnc-80-e-tb-mr\/#breadcrumb","itemListElement":[{"@type":"ListItem","position":1,"name":"Home","item":"https:\/\/schwarze-robitec.com\/en\/"},{"@type":"ListItem","position":2,"name":"CNC 80 E TB MR"}]},{"@type":"WebSite","@id":"https:\/\/schwarze-robitec.com\/en\/#website","url":"https:\/\/schwarze-robitec.com\/en\/","name":"Schwarze-Robitec GmbH","description":"The art of engineering","publisher":{"@id":"https:\/\/schwarze-robitec.com\/en\/#organization"},"potentialAction":[{"@type":"SearchAction","target":{"@type":"EntryPoint","urlTemplate":"https:\/\/schwarze-robitec.com\/en\/?s={search_term_string}"},"query-input":"required name=search_term_string"}],"inLanguage":"en-US"},{"@type":"Organization","@id":"https:\/\/schwarze-robitec.com\/en\/#organization","name":"Schwarze Robitech GmbH","url":"https:\/\/schwarze-robitec.com\/en\/","logo":{"@type":"ImageObject","inLanguage":"en-US","@id":"https:\/\/schwarze-robitec.com\/en\/#\/schema\/logo\/image\/","url":"https:\/\/schwarze-robitec.com\/wp-content\/uploads\/2022\/05\/sr-logo.png","contentUrl":"https:\/\/schwarze-robitec.com\/wp-content\/uploads\/2022\/05\/sr-logo.png","width":180,"height":180,"caption":"Schwarze Robitech GmbH"},"image":{"@id":"https:\/\/schwarze-robitec.com\/en\/#\/schema\/logo\/image\/"},"sameAs":["https:\/\/www.facebook.com\/SchwarzeRobitec\/","https:\/\/www.linkedin.com\/company\/schwarze-robitec-gmbh\/"]}]}},"_links":{"self":[{"href":"https:\/\/schwarze-robitec.com\/en\/wp-json\/wp\/v2\/pages\/4713"}],"collection":[{"href":"https:\/\/schwarze-robitec.com\/en\/wp-json\/wp\/v2\/pages"}],"about":[{"href":"https:\/\/schwarze-robitec.com\/en\/wp-json\/wp\/v2\/types\/page"}],"author":[{"embeddable":true,"href":"https:\/\/schwarze-robitec.com\/en\/wp-json\/wp\/v2\/users\/5"}],"replies":[{"embeddable":true,"href":"https:\/\/schwarze-robitec.com\/en\/wp-json\/wp\/v2\/comments?post=4713"}],"version-history":[{"count":11,"href":"https:\/\/schwarze-robitec.com\/en\/wp-json\/wp\/v2\/pages\/4713\/revisions"}],"predecessor-version":[{"id":4763,"href":"https:\/\/schwarze-robitec.com\/en\/wp-json\/wp\/v2\/pages\/4713\/revisions\/4763"}],"wp:featuredmedia":[{"embeddable":true,"href":"https:\/\/schwarze-robitec.com\/en\/wp-json\/wp\/v2\/media\/4756"}],"wp:attachment":[{"href":"https:\/\/schwarze-robitec.com\/en\/wp-json\/wp\/v2\/media?parent=4713"}],"curies":[{"name":"wp","href":"https:\/\/api.w.org\/{rel}","templated":true}]}}